{"id":275,"date":"2025-05-13T03:19:45","date_gmt":"2025-05-13T01:19:45","guid":{"rendered":"https:\/\/www.gardonslesmeubl.es\/?post_type=product&#038;p=275"},"modified":"2025-05-15T09:00:10","modified_gmt":"2025-05-15T07:00:10","slug":"coupe-a-fruits","status":"publish","type":"product","link":"https:\/\/www.gardonslesmeubl.es\/?product=coupe-a-fruits","title":{"rendered":"Coupe \u00e0 fruits"},"content":{"rendered":"<p>Coupe \u00e0 fruits ajour\u00e9e, re\u00e7ue en cadeau de mariage par Josiane et Raouf<\/p>\n<p><img loading=\"lazy\" decoding=\"async\" class=\"alignnone size-medium wp-image-96\" src=\"https:\/\/www.gardonslesmeubl.es\/wp-content\/uploads\/2025\/05\/IMG-20250501-WA0004-225x300.jpg\" alt=\"\" width=\"225\" height=\"300\" srcset=\"https:\/\/www.gardonslesmeubl.es\/wp-content\/uploads\/2025\/05\/IMG-20250501-WA0004-225x300.jpg 225w, https:\/\/www.gardonslesmeubl.es\/wp-content\/uploads\/2025\/05\/IMG-20250501-WA0004-768x1024.jpg 768w, https:\/\/www.gardonslesmeubl.es\/wp-content\/uploads\/2025\/05\/IMG-20250501-WA0004-1152x1536.jpg 1152w, https:\/\/www.gardonslesmeubl.es\/wp-content\/uploads\/2025\/05\/IMG-20250501-WA0004-600x800.jpg 600w, https:\/\/www.gardonslesmeubl.es\/wp-content\/uploads\/2025\/05\/IMG-20250501-WA0004.jpg 1530w\" sizes=\"auto, (max-width: 225px) 100vw, 225px\" \/><\/p>\n","protected":false},"excerpt":{"rendered":"<p>Coupe \u00e0 fruits ajour\u00e9e, re\u00e7ue en cadeau de mariage par Josiane et Raouf<\/p>\n","protected":false},"featured_media":98,"comment_status":"open","ping_status":"closed","template":"","meta":[],"product_brand":[],"product_cat":[21],"product_tag":[],"class_list":{"0":"post-275","1":"product","2":"type-product","3":"status-publish","4":"has-post-thumbnail","6":"product_cat-mamie-jojo","8":"first","9":"instock","10":"shipping-taxable","11":"product-type-simple"},"_links":{"self":[{"href":"https:\/\/www.gardonslesmeubl.es\/index.php?rest_route=\/wp\/v2\/product\/275","targetHints":{"allow":["GET"]}}],"collection":[{"href":"https:\/\/www.gardonslesmeubl.es\/index.php?rest_route=\/wp\/v2\/product"}],"about":[{"href":"https:\/\/www.gardonslesmeubl.es\/index.php?rest_route=\/wp\/v2\/types\/product"}],"replies":[{"embeddable":true,"href":"https:\/\/www.gardonslesmeubl.es\/index.php?rest_route=%2Fwp%2Fv2%2Fcomments&post=275"}],"wp:featuredmedia":[{"embeddable":true,"href":"https:\/\/www.gardonslesmeubl.es\/index.php?rest_route=\/wp\/v2\/media\/98"}],"wp:attachment":[{"href":"https:\/\/www.gardonslesmeubl.es\/index.php?rest_route=%2Fwp%2Fv2%2Fmedia&parent=275"}],"wp:term":[{"taxonomy":"product_brand","embeddable":true,"href":"https:\/\/www.gardonslesmeubl.es\/index.php?rest_route=%2Fwp%2Fv2%2Fproduct_brand&post=275"},{"taxonomy":"product_cat","embeddable":true,"href":"https:\/\/www.gardonslesmeubl.es\/index.php?rest_route=%2Fwp%2Fv2%2Fproduct_cat&post=275"},{"taxonomy":"product_tag","embeddable":true,"href":"https:\/\/www.gardonslesmeubl.es\/index.php?rest_route=%2Fwp%2Fv2%2Fproduct_tag&post=275"}],"curies":[{"name":"wp","href":"https:\/\/api.w.org\/{rel}","templated":true}]}}