{"id":296,"date":"2025-05-13T04:24:29","date_gmt":"2025-05-13T02:24:29","guid":{"rendered":"https:\/\/www.gardonslesmeubl.es\/?post_type=product&#038;p=296"},"modified":"2025-05-15T09:37:03","modified_gmt":"2025-05-15T07:37:03","slug":"tisaniere-elephant","status":"publish","type":"product","link":"https:\/\/www.gardonslesmeubl.es\/?product=tisaniere-elephant","title":{"rendered":"Tisani\u00e8re \u00c9l\u00e9phant"},"content":{"rendered":"","protected":false},"excerpt":{"rendered":"","protected":false},"featured_media":297,"comment_status":"open","ping_status":"closed","template":"","meta":[],"product_brand":[],"product_cat":[21],"product_tag":[],"class_list":{"0":"post-296","1":"product","2":"type-product","3":"status-publish","4":"has-post-thumbnail","6":"product_cat-mamie-jojo","8":"first","9":"instock","10":"shipping-taxable","11":"product-type-simple"},"_links":{"self":[{"href":"https:\/\/www.gardonslesmeubl.es\/index.php?rest_route=\/wp\/v2\/product\/296","targetHints":{"allow":["GET"]}}],"collection":[{"href":"https:\/\/www.gardonslesmeubl.es\/index.php?rest_route=\/wp\/v2\/product"}],"about":[{"href":"https:\/\/www.gardonslesmeubl.es\/index.php?rest_route=\/wp\/v2\/types\/product"}],"replies":[{"embeddable":true,"href":"https:\/\/www.gardonslesmeubl.es\/index.php?rest_route=%2Fwp%2Fv2%2Fcomments&post=296"}],"wp:featuredmedia":[{"embeddable":true,"href":"https:\/\/www.gardonslesmeubl.es\/index.php?rest_route=\/wp\/v2\/media\/297"}],"wp:attachment":[{"href":"https:\/\/www.gardonslesmeubl.es\/index.php?rest_route=%2Fwp%2Fv2%2Fmedia&parent=296"}],"wp:term":[{"taxonomy":"product_brand","embeddable":true,"href":"https:\/\/www.gardonslesmeubl.es\/index.php?rest_route=%2Fwp%2Fv2%2Fproduct_brand&post=296"},{"taxonomy":"product_cat","embeddable":true,"href":"https:\/\/www.gardonslesmeubl.es\/index.php?rest_route=%2Fwp%2Fv2%2Fproduct_cat&post=296"},{"taxonomy":"product_tag","embeddable":true,"href":"https:\/\/www.gardonslesmeubl.es\/index.php?rest_route=%2Fwp%2Fv2%2Fproduct_tag&post=296"}],"curies":[{"name":"wp","href":"https:\/\/api.w.org\/{rel}","templated":true}]}}