{"id":407,"date":"2025-05-13T08:27:19","date_gmt":"2025-05-13T06:27:19","guid":{"rendered":"https:\/\/www.gardonslesmeubl.es\/?post_type=product&#038;p=407"},"modified":"2025-05-15T09:37:33","modified_gmt":"2025-05-15T07:37:33","slug":"vase-ceramique","status":"publish","type":"product","link":"https:\/\/www.gardonslesmeubl.es\/?product=vase-ceramique","title":{"rendered":"Vase c\u00e9ramique"},"content":{"rendered":"<p>Hauteur 13.5 cm, diam\u00e8tre 11 cm\u00e8<\/p>\n","protected":false},"excerpt":{"rendered":"<p>Hauteur 13.5 cm, diam\u00e8tre 11 cm\u00e8<\/p>\n","protected":false},"featured_media":408,"comment_status":"open","ping_status":"closed","template":"","meta":[],"product_brand":[],"product_cat":[21],"product_tag":[],"class_list":{"0":"post-407","1":"product","2":"type-product","3":"status-publish","4":"has-post-thumbnail","6":"product_cat-mamie-jojo","8":"first","9":"instock","10":"shipping-taxable","11":"product-type-simple"},"_links":{"self":[{"href":"https:\/\/www.gardonslesmeubl.es\/index.php?rest_route=\/wp\/v2\/product\/407","targetHints":{"allow":["GET"]}}],"collection":[{"href":"https:\/\/www.gardonslesmeubl.es\/index.php?rest_route=\/wp\/v2\/product"}],"about":[{"href":"https:\/\/www.gardonslesmeubl.es\/index.php?rest_route=\/wp\/v2\/types\/product"}],"replies":[{"embeddable":true,"href":"https:\/\/www.gardonslesmeubl.es\/index.php?rest_route=%2Fwp%2Fv2%2Fcomments&post=407"}],"wp:featuredmedia":[{"embeddable":true,"href":"https:\/\/www.gardonslesmeubl.es\/index.php?rest_route=\/wp\/v2\/media\/408"}],"wp:attachment":[{"href":"https:\/\/www.gardonslesmeubl.es\/index.php?rest_route=%2Fwp%2Fv2%2Fmedia&parent=407"}],"wp:term":[{"taxonomy":"product_brand","embeddable":true,"href":"https:\/\/www.gardonslesmeubl.es\/index.php?rest_route=%2Fwp%2Fv2%2Fproduct_brand&post=407"},{"taxonomy":"product_cat","embeddable":true,"href":"https:\/\/www.gardonslesmeubl.es\/index.php?rest_route=%2Fwp%2Fv2%2Fproduct_cat&post=407"},{"taxonomy":"product_tag","embeddable":true,"href":"https:\/\/www.gardonslesmeubl.es\/index.php?rest_route=%2Fwp%2Fv2%2Fproduct_tag&post=407"}],"curies":[{"name":"wp","href":"https:\/\/api.w.org\/{rel}","templated":true}]}}