{"id":555,"date":"2025-05-14T07:01:22","date_gmt":"2025-05-14T05:01:22","guid":{"rendered":"https:\/\/www.gardonslesmeubl.es\/?post_type=product&#038;p=555"},"modified":"2025-05-15T09:36:13","modified_gmt":"2025-05-15T07:36:13","slug":"spanel-rateau-a-crepes","status":"publish","type":"product","link":"https:\/\/www.gardonslesmeubl.es\/?product=spanel-rateau-a-crepes","title":{"rendered":"Spanel (r\u00e2teau \u00e0 cr\u00eapes)"},"content":{"rendered":"<p><a href=\"https:\/\/www.youtube.com\/watch?v=l_jlv94ijEY\">Cliquer ici pour utilisation<\/a><\/p>\n","protected":false},"excerpt":{"rendered":"<p>Cliquer ici pour utilisation<\/p>\n","protected":false},"featured_media":556,"comment_status":"open","ping_status":"closed","template":"","meta":[],"product_brand":[],"product_cat":[21],"product_tag":[],"class_list":{"0":"post-555","1":"product","2":"type-product","3":"status-publish","4":"has-post-thumbnail","6":"product_cat-mamie-jojo","8":"first","9":"instock","10":"shipping-taxable","11":"product-type-simple"},"_links":{"self":[{"href":"https:\/\/www.gardonslesmeubl.es\/index.php?rest_route=\/wp\/v2\/product\/555","targetHints":{"allow":["GET"]}}],"collection":[{"href":"https:\/\/www.gardonslesmeubl.es\/index.php?rest_route=\/wp\/v2\/product"}],"about":[{"href":"https:\/\/www.gardonslesmeubl.es\/index.php?rest_route=\/wp\/v2\/types\/product"}],"replies":[{"embeddable":true,"href":"https:\/\/www.gardonslesmeubl.es\/index.php?rest_route=%2Fwp%2Fv2%2Fcomments&post=555"}],"wp:featuredmedia":[{"embeddable":true,"href":"https:\/\/www.gardonslesmeubl.es\/index.php?rest_route=\/wp\/v2\/media\/556"}],"wp:attachment":[{"href":"https:\/\/www.gardonslesmeubl.es\/index.php?rest_route=%2Fwp%2Fv2%2Fmedia&parent=555"}],"wp:term":[{"taxonomy":"product_brand","embeddable":true,"href":"https:\/\/www.gardonslesmeubl.es\/index.php?rest_route=%2Fwp%2Fv2%2Fproduct_brand&post=555"},{"taxonomy":"product_cat","embeddable":true,"href":"https:\/\/www.gardonslesmeubl.es\/index.php?rest_route=%2Fwp%2Fv2%2Fproduct_cat&post=555"},{"taxonomy":"product_tag","embeddable":true,"href":"https:\/\/www.gardonslesmeubl.es\/index.php?rest_route=%2Fwp%2Fv2%2Fproduct_tag&post=555"}],"curies":[{"name":"wp","href":"https:\/\/api.w.org\/{rel}","templated":true}]}}