{"id":610,"date":"2025-05-15T03:57:15","date_gmt":"2025-05-15T01:57:15","guid":{"rendered":"https:\/\/www.gardonslesmeubl.es\/?post_type=product&#038;p=610"},"modified":"2025-05-18T22:37:11","modified_gmt":"2025-05-18T20:37:11","slug":"6-verres-a-vodka","status":"publish","type":"product","link":"https:\/\/www.gardonslesmeubl.es\/?product=6-verres-a-vodka","title":{"rendered":"6 verres \u00e0 vodka"},"content":{"rendered":"<p>Cristal taill\u00e9 de Boh\u00eame<\/p>\n<p>Diam\u00e8tre 3 cm, hauteur 11 cm<\/p>\n","protected":false},"excerpt":{"rendered":"<p>Cristal taill\u00e9 de Boh\u00eame Diam\u00e8tre 3 cm, hauteur 11 cm<\/p>\n","protected":false},"featured_media":611,"comment_status":"open","ping_status":"closed","template":"","meta":[],"product_brand":[],"product_cat":[21],"product_tag":[],"class_list":{"0":"post-610","1":"product","2":"type-product","3":"status-publish","4":"has-post-thumbnail","6":"product_cat-mamie-jojo","8":"first","9":"instock","10":"shipping-taxable","11":"product-type-simple"},"_links":{"self":[{"href":"https:\/\/www.gardonslesmeubl.es\/index.php?rest_route=\/wp\/v2\/product\/610","targetHints":{"allow":["GET"]}}],"collection":[{"href":"https:\/\/www.gardonslesmeubl.es\/index.php?rest_route=\/wp\/v2\/product"}],"about":[{"href":"https:\/\/www.gardonslesmeubl.es\/index.php?rest_route=\/wp\/v2\/types\/product"}],"replies":[{"embeddable":true,"href":"https:\/\/www.gardonslesmeubl.es\/index.php?rest_route=%2Fwp%2Fv2%2Fcomments&post=610"}],"wp:featuredmedia":[{"embeddable":true,"href":"https:\/\/www.gardonslesmeubl.es\/index.php?rest_route=\/wp\/v2\/media\/611"}],"wp:attachment":[{"href":"https:\/\/www.gardonslesmeubl.es\/index.php?rest_route=%2Fwp%2Fv2%2Fmedia&parent=610"}],"wp:term":[{"taxonomy":"product_brand","embeddable":true,"href":"https:\/\/www.gardonslesmeubl.es\/index.php?rest_route=%2Fwp%2Fv2%2Fproduct_brand&post=610"},{"taxonomy":"product_cat","embeddable":true,"href":"https:\/\/www.gardonslesmeubl.es\/index.php?rest_route=%2Fwp%2Fv2%2Fproduct_cat&post=610"},{"taxonomy":"product_tag","embeddable":true,"href":"https:\/\/www.gardonslesmeubl.es\/index.php?rest_route=%2Fwp%2Fv2%2Fproduct_tag&post=610"}],"curies":[{"name":"wp","href":"https:\/\/api.w.org\/{rel}","templated":true}]}}