{"id":697,"date":"2025-05-15T07:22:28","date_gmt":"2025-05-15T05:22:28","guid":{"rendered":"https:\/\/www.gardonslesmeubl.es\/?post_type=product&#038;p=697"},"modified":"2025-05-15T07:26:12","modified_gmt":"2025-05-15T05:26:12","slug":"lampe-pied-bois-tourne","status":"publish","type":"product","link":"https:\/\/www.gardonslesmeubl.es\/?product=lampe-pied-bois-tourne","title":{"rendered":"Lampe pied bois tourn\u00e9"},"content":{"rendered":"<p>Fil \u00e9lectrique et abat-jour \u00e0 changer<\/p>\n<p>Hauteur du pied 13 cm<\/p>\n","protected":false},"excerpt":{"rendered":"<p>Fil \u00e9lectrique et abat-jour \u00e0 changer Hauteur du pied 13 cm<\/p>\n","protected":false},"featured_media":698,"comment_status":"open","ping_status":"closed","template":"","meta":[],"product_brand":[],"product_cat":[21],"product_tag":[],"class_list":{"0":"post-697","1":"product","2":"type-product","3":"status-publish","4":"has-post-thumbnail","6":"product_cat-mamie-jojo","8":"first","9":"instock","10":"shipping-taxable","11":"product-type-simple"},"_links":{"self":[{"href":"https:\/\/www.gardonslesmeubl.es\/index.php?rest_route=\/wp\/v2\/product\/697","targetHints":{"allow":["GET"]}}],"collection":[{"href":"https:\/\/www.gardonslesmeubl.es\/index.php?rest_route=\/wp\/v2\/product"}],"about":[{"href":"https:\/\/www.gardonslesmeubl.es\/index.php?rest_route=\/wp\/v2\/types\/product"}],"replies":[{"embeddable":true,"href":"https:\/\/www.gardonslesmeubl.es\/index.php?rest_route=%2Fwp%2Fv2%2Fcomments&post=697"}],"wp:featuredmedia":[{"embeddable":true,"href":"https:\/\/www.gardonslesmeubl.es\/index.php?rest_route=\/wp\/v2\/media\/698"}],"wp:attachment":[{"href":"https:\/\/www.gardonslesmeubl.es\/index.php?rest_route=%2Fwp%2Fv2%2Fmedia&parent=697"}],"wp:term":[{"taxonomy":"product_brand","embeddable":true,"href":"https:\/\/www.gardonslesmeubl.es\/index.php?rest_route=%2Fwp%2Fv2%2Fproduct_brand&post=697"},{"taxonomy":"product_cat","embeddable":true,"href":"https:\/\/www.gardonslesmeubl.es\/index.php?rest_route=%2Fwp%2Fv2%2Fproduct_cat&post=697"},{"taxonomy":"product_tag","embeddable":true,"href":"https:\/\/www.gardonslesmeubl.es\/index.php?rest_route=%2Fwp%2Fv2%2Fproduct_tag&post=697"}],"curies":[{"name":"wp","href":"https:\/\/api.w.org\/{rel}","templated":true}]}}