{"id":753,"date":"2025-05-16T04:13:46","date_gmt":"2025-05-16T02:13:46","guid":{"rendered":"https:\/\/www.gardonslesmeubl.es\/?post_type=product&#038;p=753"},"modified":"2025-05-16T05:02:03","modified_gmt":"2025-05-16T03:02:03","slug":"assiette-faience-decorative","status":"publish","type":"product","link":"https:\/\/www.gardonslesmeubl.es\/?product=assiette-faience-decorative","title":{"rendered":"Assiette fa\u00efence d\u00e9corative"},"content":{"rendered":"<p>Diam\u00e8tre 22.5 cm<\/p>\n<p><img loading=\"lazy\" decoding=\"async\" class=\"alignnone size-medium wp-image-755\" src=\"https:\/\/www.gardonslesmeubl.es\/wp-content\/uploads\/2025\/05\/IMG-20250516-WA0020-e1747361609517-300x283.jpg\" alt=\"\" width=\"300\" height=\"283\" srcset=\"https:\/\/www.gardonslesmeubl.es\/wp-content\/uploads\/2025\/05\/IMG-20250516-WA0020-e1747361609517-300x283.jpg 300w, https:\/\/www.gardonslesmeubl.es\/wp-content\/uploads\/2025\/05\/IMG-20250516-WA0020-e1747361609517-1024x965.jpg 1024w, https:\/\/www.gardonslesmeubl.es\/wp-content\/uploads\/2025\/05\/IMG-20250516-WA0020-e1747361609517-768x724.jpg 768w, https:\/\/www.gardonslesmeubl.es\/wp-content\/uploads\/2025\/05\/IMG-20250516-WA0020-e1747361609517-600x565.jpg 600w, https:\/\/www.gardonslesmeubl.es\/wp-content\/uploads\/2025\/05\/IMG-20250516-WA0020-e1747361609517.jpg 1530w\" sizes=\"auto, (max-width: 300px) 100vw, 300px\" \/><\/p>\n","protected":false},"excerpt":{"rendered":"<p>Diam\u00e8tre 22.5 cm<\/p>\n","protected":false},"featured_media":754,"comment_status":"open","ping_status":"closed","template":"","meta":[],"product_brand":[],"product_cat":[21],"product_tag":[],"class_list":{"0":"post-753","1":"product","2":"type-product","3":"status-publish","4":"has-post-thumbnail","6":"product_cat-mamie-jojo","8":"first","9":"instock","10":"shipping-taxable","11":"product-type-simple"},"_links":{"self":[{"href":"https:\/\/www.gardonslesmeubl.es\/index.php?rest_route=\/wp\/v2\/product\/753","targetHints":{"allow":["GET"]}}],"collection":[{"href":"https:\/\/www.gardonslesmeubl.es\/index.php?rest_route=\/wp\/v2\/product"}],"about":[{"href":"https:\/\/www.gardonslesmeubl.es\/index.php?rest_route=\/wp\/v2\/types\/product"}],"replies":[{"embeddable":true,"href":"https:\/\/www.gardonslesmeubl.es\/index.php?rest_route=%2Fwp%2Fv2%2Fcomments&post=753"}],"wp:featuredmedia":[{"embeddable":true,"href":"https:\/\/www.gardonslesmeubl.es\/index.php?rest_route=\/wp\/v2\/media\/754"}],"wp:attachment":[{"href":"https:\/\/www.gardonslesmeubl.es\/index.php?rest_route=%2Fwp%2Fv2%2Fmedia&parent=753"}],"wp:term":[{"taxonomy":"product_brand","embeddable":true,"href":"https:\/\/www.gardonslesmeubl.es\/index.php?rest_route=%2Fwp%2Fv2%2Fproduct_brand&post=753"},{"taxonomy":"product_cat","embeddable":true,"href":"https:\/\/www.gardonslesmeubl.es\/index.php?rest_route=%2Fwp%2Fv2%2Fproduct_cat&post=753"},{"taxonomy":"product_tag","embeddable":true,"href":"https:\/\/www.gardonslesmeubl.es\/index.php?rest_route=%2Fwp%2Fv2%2Fproduct_tag&post=753"}],"curies":[{"name":"wp","href":"https:\/\/api.w.org\/{rel}","templated":true}]}}